{"id":1850,"date":"2026-04-16T10:12:04","date_gmt":"2026-04-16T08:12:04","guid":{"rendered":"https:\/\/sleuropeagency.it\/noticias\/"},"modified":"2026-05-11T09:49:35","modified_gmt":"2026-05-11T07:49:35","slug":"noticias","status":"publish","type":"page","link":"https:\/\/sleuropeagency.it\/es\/noticias\/","title":{"rendered":"Noticias"},"content":{"rendered":"\t\t<div data-elementor-type=\"wp-page\" data-elementor-id=\"1850\" class=\"elementor elementor-1850 elementor-1378\" data-elementor-post-type=\"page\">\n\t\t\t\t<div class=\"elementor-element elementor-element-d665d65 e-con-full e-flex e-con e-parent\" data-id=\"d665d65\" data-element_type=\"container\" data-e-type=\"container\" data-settings=\"{&quot;background_background&quot;:&quot;classic&quot;}\">\n\t\t\t\t<div class=\"elementor-element elementor-element-4bb0456 elementor-widget__width-initial elementor-widget-mobile__width-inherit animated-slow elementor-widget-widescreen__width-inherit elementor-invisible elementor-widget elementor-widget-heading\" data-id=\"4bb0456\" data-element_type=\"widget\" data-e-type=\"widget\" data-settings=\"{&quot;_animation&quot;:&quot;fadeInDown&quot;}\" data-widget_type=\"heading.default\">\n\t\t\t\t\t<p class=\"elementor-heading-title elementor-size-default\">Noticias y perspectivas <span style=\"color: transparent\">sobre transporte internacional<\/span><\/p>\t\t\t\t<\/div>\n\t\t\t\t<div class=\"elementor-element elementor-element-fc8647f elementor-widget__width-initial elementor-widget-mobile__width-inherit animated-slow elementor-invisible elementor-widget elementor-widget-text-editor\" data-id=\"fc8647f\" data-element_type=\"widget\" data-e-type=\"widget\" data-settings=\"{&quot;_animation&quot;:&quot;fadeIn&quot;,&quot;_animation_delay&quot;:200}\" data-widget_type=\"text-editor.default\">\n\t\t\t\t\t\t\t\t\t<p>Acceda a actualizaciones normativas, gu\u00edas operativas y an\u00e1lisis t\u00e9cnicos sobre transporte internacional, log\u00edstica y procedimientos aduaneros. Una colecci\u00f3n de contenido dise\u00f1ada para empresas y profesionales que operan en el comercio internacional y desean mantenerse al d\u00eda sobre las normativas, procesos y tendencias del sector. <\/p><p>Mant\u00e9ngase al d\u00eda tambi\u00e9n sobre las noticias de nuestra empresa SL Europe. \u00a1Lea ahora!<\/p>\t\t\t\t\t\t\t\t<\/div>\n\t\t\t\t<\/div>\n\t\t<div class=\"elementor-element elementor-element-9198a0a e-con-full e-flex e-con e-parent\" data-id=\"9198a0a\" data-element_type=\"container\" data-e-type=\"container\">\n\t\t\t\t<div class=\"elementor-element elementor-element-0f879ad elementor-widget__width-inherit elementor-grid-3 elementor-grid-tablet-2 elementor-grid-mobile-1 elementor-posts--thumbnail-top elementor-widget elementor-widget-posts\" data-id=\"0f879ad\" data-element_type=\"widget\" data-e-type=\"widget\" data-settings=\"{&quot;classic_columns&quot;:&quot;3&quot;,&quot;classic_columns_tablet&quot;:&quot;2&quot;,&quot;classic_columns_mobile&quot;:&quot;1&quot;,&quot;classic_row_gap&quot;:{&quot;unit&quot;:&quot;px&quot;,&quot;size&quot;:35,&quot;sizes&quot;:[]},&quot;classic_row_gap_widescreen&quot;:{&quot;unit&quot;:&quot;px&quot;,&quot;size&quot;:&quot;&quot;,&quot;sizes&quot;:[]},&quot;classic_row_gap_laptop&quot;:{&quot;unit&quot;:&quot;px&quot;,&quot;size&quot;:&quot;&quot;,&quot;sizes&quot;:[]},&quot;classic_row_gap_tablet_extra&quot;:{&quot;unit&quot;:&quot;px&quot;,&quot;size&quot;:&quot;&quot;,&quot;sizes&quot;:[]},&quot;classic_row_gap_tablet&quot;:{&quot;unit&quot;:&quot;px&quot;,&quot;size&quot;:&quot;&quot;,&quot;sizes&quot;:[]},&quot;classic_row_gap_mobile_extra&quot;:{&quot;unit&quot;:&quot;px&quot;,&quot;size&quot;:&quot;&quot;,&quot;sizes&quot;:[]},&quot;classic_row_gap_mobile&quot;:{&quot;unit&quot;:&quot;px&quot;,&quot;size&quot;:&quot;&quot;,&quot;sizes&quot;:[]}}\" data-widget_type=\"posts.classic\">\n\t\t\t\t<div class=\"elementor-widget-container\">\n\t\t\t\t\t\t\t<div class=\"elementor-posts-container elementor-posts elementor-posts--skin-classic elementor-grid\" role=\"list\">\n\t\t\t\t<article class=\"elementor-post elementor-grid-item post-1877 post type-post status-publish format-standard has-post-thumbnail hentry category-blog\" role=\"listitem\">\n\t\t\t\t<a class=\"elementor-post__thumbnail__link\" href=\"https:\/\/sleuropeagency.it\/es\/el-transporte-aereo-de-mercancias-italiano-en-auge\/\" tabindex=\"-1\" >\n\t\t\t<div class=\"elementor-post__thumbnail\"><img fetchpriority=\"high\" decoding=\"async\" width=\"800\" height=\"534\" src=\"https:\/\/sleuropeagency.it\/wp-content\/uploads\/2026\/04\/79667532_l-1200x800-1-1024x683.webp\" class=\"attachment-large size-large wp-image-1878\" alt=\"\" srcset=\"https:\/\/sleuropeagency.it\/wp-content\/uploads\/2026\/04\/79667532_l-1200x800-1-1024x683.webp 1024w, https:\/\/sleuropeagency.it\/wp-content\/uploads\/2026\/04\/79667532_l-1200x800-1-300x200.webp 300w, https:\/\/sleuropeagency.it\/wp-content\/uploads\/2026\/04\/79667532_l-1200x800-1-768x512.webp 768w, https:\/\/sleuropeagency.it\/wp-content\/uploads\/2026\/04\/79667532_l-1200x800-1.webp 1200w\" sizes=\"(max-width: 800px) 100vw, 800px\" \/><\/div>\n\t\t<\/a>\n\t\t\t\t<div class=\"elementor-post__text\">\n\t\t\t\t<h3 class=\"elementor-post__title\">\n\t\t\t<a href=\"https:\/\/sleuropeagency.it\/es\/el-transporte-aereo-de-mercancias-italiano-en-auge\/\" >\n\t\t\t\tEl transporte a\u00e9reo de mercanc\u00edas italiano en auge\t\t\t<\/a>\n\t\t<\/h3>\n\t\t\t\t<div class=\"elementor-post__meta-data\">\n\t\t\t\t\t<span class=\"elementor-post-date\">\n\t\t\t4 de noviembre de 2024\t\t<\/span>\n\t\t\t\t<\/div>\n\t\t\t\t<div class=\"elementor-post__excerpt\">\n\t\t\t<p>El crecimiento del transporte a\u00e9reo de mercanc\u00edas en los aeropuertos italianos contin\u00faa a toda velocidad. Seg\u00fan Assaeroporti, los aeropuertos de toda la pen\u00ednsula gestionaron 104.700 toneladas de mercanc\u00edas en septiembre, lo que representa un aumento del 12,7 % en comparaci\u00f3n con el mismo mes de 2023. El desarrollo de los<\/p>\n\t\t<\/div>\n\t\t\n\t\t<a class=\"elementor-post__read-more\" href=\"https:\/\/sleuropeagency.it\/es\/el-transporte-aereo-de-mercancias-italiano-en-auge\/\" aria-label=\"M\u00e1s informaci\u00f3n sobre El transporte a\u00e9reo de mercanc\u00edas italiano en auge\" tabindex=\"-1\" >\n\t\t\tLeer m\u00e1s \u00bb\t\t<\/a>\n\n\t\t\t\t<\/div>\n\t\t\t\t<\/article>\n\t\t\t\t<\/div>\n\t\t\n\t\t\t\t\t\t<\/div>\n\t\t\t\t<\/div>\n\t\t\t\t<\/div>\n\t\t\t\t<\/div>\n\t\t","protected":false},"excerpt":{"rendered":"<p>Noticias y perspectivas sobre transporte internacional Acceda a actualizaciones normativas, gu\u00edas operativas y an\u00e1lisis t\u00e9cnicos sobre transporte internacional, log\u00edstica y procedimientos aduaneros. Una colecci\u00f3n de contenido dise\u00f1ada para empresas y profesionales que operan en el comercio internacional y desean mantenerse al d\u00eda sobre las normativas, procesos y tendencias del sector. Mant\u00e9ngase al d\u00eda tambi\u00e9n sobre [&hellip;]<\/p>\n","protected":false},"author":1,"featured_media":0,"parent":0,"menu_order":0,"comment_status":"closed","ping_status":"closed","template":"elementor_header_footer","meta":{"footnotes":""},"class_list":["post-1850","page","type-page","status-publish","hentry"],"yoast_head":"<!-- This site is optimized with the Yoast SEO plugin v27.5 - https:\/\/yoast.com\/product\/yoast-seo-wordpress\/ -->\n<title>\u00daltimas noticias de transporte internacional - SL Europe<\/title>\n<meta name=\"description\" content=\"Noticias y perspectivas sobre transporte internacional, log\u00edstica y normativas aduaneras para profesionales del comercio internacional.\" \/>\n<meta name=\"robots\" content=\"index, follow, max-snippet:-1, max-image-preview:large, max-video-preview:-1\" \/>\n<link rel=\"canonical\" href=\"https:\/\/sleuropeagency.it\/es\/noticias\/\" \/>\n<meta property=\"og:locale\" content=\"es_ES\" \/>\n<meta property=\"og:type\" content=\"article\" \/>\n<meta property=\"og:title\" content=\"\u00daltimas noticias de transporte internacional - SL Europe\" \/>\n<meta property=\"og:description\" content=\"Noticias y perspectivas sobre transporte internacional, log\u00edstica y normativas aduaneras para profesionales del comercio internacional.\" \/>\n<meta property=\"og:url\" content=\"https:\/\/sleuropeagency.it\/es\/noticias\/\" \/>\n<meta property=\"og:site_name\" content=\"SL Europe\" \/>\n<meta property=\"article:publisher\" content=\"https:\/\/www.facebook.com\/sleuropeagency\/?locale=it_IT\" \/>\n<meta property=\"article:modified_time\" content=\"2026-05-11T07:49:35+00:00\" \/>\n<meta name=\"twitter:card\" content=\"summary_large_image\" \/>\n<script type=\"application\/ld+json\" class=\"yoast-schema-graph\">{\"@context\":\"https:\\\/\\\/schema.org\",\"@graph\":[{\"@type\":\"WebPage\",\"@id\":\"https:\\\/\\\/sleuropeagency.it\\\/es\\\/noticias\\\/\",\"url\":\"https:\\\/\\\/sleuropeagency.it\\\/es\\\/noticias\\\/\",\"name\":\"\u00daltimas noticias de transporte internacional - SL Europe\",\"isPartOf\":{\"@id\":\"https:\\\/\\\/sleuropeagency.it\\\/#website\"},\"datePublished\":\"2026-04-16T08:12:04+00:00\",\"dateModified\":\"2026-05-11T07:49:35+00:00\",\"description\":\"Noticias y perspectivas sobre transporte internacional, log\u00edstica y normativas aduaneras para profesionales del comercio internacional.\",\"breadcrumb\":{\"@id\":\"https:\\\/\\\/sleuropeagency.it\\\/es\\\/noticias\\\/#breadcrumb\"},\"inLanguage\":\"es\",\"potentialAction\":[{\"@type\":\"ReadAction\",\"target\":[\"https:\\\/\\\/sleuropeagency.it\\\/es\\\/noticias\\\/\"]}]},{\"@type\":\"BreadcrumbList\",\"@id\":\"https:\\\/\\\/sleuropeagency.it\\\/es\\\/noticias\\\/#breadcrumb\",\"itemListElement\":[{\"@type\":\"ListItem\",\"position\":1,\"name\":\"Home\",\"item\":\"https:\\\/\\\/sleuropeagency.it\\\/es\\\/inicio\\\/\"},{\"@type\":\"ListItem\",\"position\":2,\"name\":\"Noticias\"}]},{\"@type\":\"WebSite\",\"@id\":\"https:\\\/\\\/sleuropeagency.it\\\/#website\",\"url\":\"https:\\\/\\\/sleuropeagency.it\\\/\",\"name\":\"SL Europe\",\"description\":\"\",\"publisher\":{\"@id\":\"https:\\\/\\\/sleuropeagency.it\\\/#organization\"},\"potentialAction\":[{\"@type\":\"SearchAction\",\"target\":{\"@type\":\"EntryPoint\",\"urlTemplate\":\"https:\\\/\\\/sleuropeagency.it\\\/?s={search_term_string}\"},\"query-input\":{\"@type\":\"PropertyValueSpecification\",\"valueRequired\":true,\"valueName\":\"search_term_string\"}}],\"inLanguage\":\"es\"},{\"@type\":\"Organization\",\"@id\":\"https:\\\/\\\/sleuropeagency.it\\\/#organization\",\"name\":\"SL Europe\",\"url\":\"https:\\\/\\\/sleuropeagency.it\\\/\",\"logo\":{\"@type\":\"ImageObject\",\"inLanguage\":\"es\",\"@id\":\"https:\\\/\\\/sleuropeagency.it\\\/#\\\/schema\\\/logo\\\/image\\\/\",\"url\":\"https:\\\/\\\/sleuropeagency.it\\\/wp-content\\\/uploads\\\/2026\\\/03\\\/cropped-SL-Europe-Logo.webp\",\"contentUrl\":\"https:\\\/\\\/sleuropeagency.it\\\/wp-content\\\/uploads\\\/2026\\\/03\\\/cropped-SL-Europe-Logo.webp\",\"width\":1598,\"height\":458,\"caption\":\"SL Europe\"},\"image\":{\"@id\":\"https:\\\/\\\/sleuropeagency.it\\\/#\\\/schema\\\/logo\\\/image\\\/\"},\"sameAs\":[\"https:\\\/\\\/www.facebook.com\\\/sleuropeagency\\\/?locale=it_IT\",\"https:\\\/\\\/www.linkedin.com\\\/company\\\/sleuropeagency?originalSubdomain=it\"]}]}<\/script>\n<!-- \/ Yoast SEO plugin. -->","yoast_head_json":{"title":"\u00daltimas noticias de transporte internacional - SL Europe","description":"Noticias y perspectivas sobre transporte internacional, log\u00edstica y normativas aduaneras para profesionales del comercio internacional.","robots":{"index":"index","follow":"follow","max-snippet":"max-snippet:-1","max-image-preview":"max-image-preview:large","max-video-preview":"max-video-preview:-1"},"canonical":"https:\/\/sleuropeagency.it\/es\/noticias\/","og_locale":"es_ES","og_type":"article","og_title":"\u00daltimas noticias de transporte internacional - SL Europe","og_description":"Noticias y perspectivas sobre transporte internacional, log\u00edstica y normativas aduaneras para profesionales del comercio internacional.","og_url":"https:\/\/sleuropeagency.it\/es\/noticias\/","og_site_name":"SL Europe","article_publisher":"https:\/\/www.facebook.com\/sleuropeagency\/?locale=it_IT","article_modified_time":"2026-05-11T07:49:35+00:00","twitter_card":"summary_large_image","schema":{"@context":"https:\/\/schema.org","@graph":[{"@type":"WebPage","@id":"https:\/\/sleuropeagency.it\/es\/noticias\/","url":"https:\/\/sleuropeagency.it\/es\/noticias\/","name":"\u00daltimas noticias de transporte internacional - SL Europe","isPartOf":{"@id":"https:\/\/sleuropeagency.it\/#website"},"datePublished":"2026-04-16T08:12:04+00:00","dateModified":"2026-05-11T07:49:35+00:00","description":"Noticias y perspectivas sobre transporte internacional, log\u00edstica y normativas aduaneras para profesionales del comercio internacional.","breadcrumb":{"@id":"https:\/\/sleuropeagency.it\/es\/noticias\/#breadcrumb"},"inLanguage":"es","potentialAction":[{"@type":"ReadAction","target":["https:\/\/sleuropeagency.it\/es\/noticias\/"]}]},{"@type":"BreadcrumbList","@id":"https:\/\/sleuropeagency.it\/es\/noticias\/#breadcrumb","itemListElement":[{"@type":"ListItem","position":1,"name":"Home","item":"https:\/\/sleuropeagency.it\/es\/inicio\/"},{"@type":"ListItem","position":2,"name":"Noticias"}]},{"@type":"WebSite","@id":"https:\/\/sleuropeagency.it\/#website","url":"https:\/\/sleuropeagency.it\/","name":"SL Europe","description":"","publisher":{"@id":"https:\/\/sleuropeagency.it\/#organization"},"potentialAction":[{"@type":"SearchAction","target":{"@type":"EntryPoint","urlTemplate":"https:\/\/sleuropeagency.it\/?s={search_term_string}"},"query-input":{"@type":"PropertyValueSpecification","valueRequired":true,"valueName":"search_term_string"}}],"inLanguage":"es"},{"@type":"Organization","@id":"https:\/\/sleuropeagency.it\/#organization","name":"SL Europe","url":"https:\/\/sleuropeagency.it\/","logo":{"@type":"ImageObject","inLanguage":"es","@id":"https:\/\/sleuropeagency.it\/#\/schema\/logo\/image\/","url":"https:\/\/sleuropeagency.it\/wp-content\/uploads\/2026\/03\/cropped-SL-Europe-Logo.webp","contentUrl":"https:\/\/sleuropeagency.it\/wp-content\/uploads\/2026\/03\/cropped-SL-Europe-Logo.webp","width":1598,"height":458,"caption":"SL Europe"},"image":{"@id":"https:\/\/sleuropeagency.it\/#\/schema\/logo\/image\/"},"sameAs":["https:\/\/www.facebook.com\/sleuropeagency\/?locale=it_IT","https:\/\/www.linkedin.com\/company\/sleuropeagency?originalSubdomain=it"]}]}},"_links":{"self":[{"href":"https:\/\/sleuropeagency.it\/es\/wp-json\/wp\/v2\/pages\/1850","targetHints":{"allow":["GET"]}}],"collection":[{"href":"https:\/\/sleuropeagency.it\/es\/wp-json\/wp\/v2\/pages"}],"about":[{"href":"https:\/\/sleuropeagency.it\/es\/wp-json\/wp\/v2\/types\/page"}],"author":[{"embeddable":true,"href":"https:\/\/sleuropeagency.it\/es\/wp-json\/wp\/v2\/users\/1"}],"replies":[{"embeddable":true,"href":"https:\/\/sleuropeagency.it\/es\/wp-json\/wp\/v2\/comments?post=1850"}],"version-history":[{"count":1,"href":"https:\/\/sleuropeagency.it\/es\/wp-json\/wp\/v2\/pages\/1850\/revisions"}],"predecessor-version":[{"id":1851,"href":"https:\/\/sleuropeagency.it\/es\/wp-json\/wp\/v2\/pages\/1850\/revisions\/1851"}],"wp:attachment":[{"href":"https:\/\/sleuropeagency.it\/es\/wp-json\/wp\/v2\/media?parent=1850"}],"curies":[{"name":"wp","href":"https:\/\/api.w.org\/{rel}","templated":true}]}}